{"id":3742,"date":"2024-10-23T13:37:47","date_gmt":"2024-10-23T13:37:47","guid":{"rendered":"https:\/\/miragua.com\/pie-de-imprenta\/"},"modified":"2025-07-15T10:50:51","modified_gmt":"2025-07-15T10:50:51","slug":"pie-de-imprenta","status":"publish","type":"page","link":"https:\/\/miragua.com\/es\/pie-de-imprenta\/","title":{"rendered":"Pie de imprenta"},"content":{"rendered":"\t\t<div data-elementor-type=\"wp-page\" data-elementor-id=\"3742\" class=\"elementor elementor-3742 elementor-3099\" data-elementor-post-type=\"page\">\n\t\t\t\t<div class=\"elementor-element elementor-element-bf649a3 e-flex e-con-boxed e-con e-parent\" data-id=\"bf649a3\" data-element_type=\"container\">\n\t\t\t\t\t<div class=\"e-con-inner\">\n\t\t\t\t<div class=\"elementor-element elementor-element-6ecf6f7 elementor-widget elementor-widget-heading\" data-id=\"6ecf6f7\" data-element_type=\"widget\" data-widget_type=\"heading.default\">\n\t\t\t\t<div class=\"elementor-widget-container\">\n\t\t\t\t\t<h2 class=\"elementor-heading-title elementor-size-default\">Pie de imprenta<\/h2>\t\t\t\t<\/div>\n\t\t\t\t<\/div>\n\t\t\t\t<div class=\"elementor-element elementor-element-7ff982b elementor-widget elementor-widget-text-editor\" data-id=\"7ff982b\" data-element_type=\"widget\" data-widget_type=\"text-editor.default\">\n\t\t\t\t<div class=\"elementor-widget-container\">\n\t\t\t\t\t\t\t\t\t<p>MIRAGUA UG<\/p><p>Chlodwigstra\u00dfe 6<\/p><p>50858 K\u00f6ln<\/p><p>R<strong>epresentado por:<\/strong> Sr. Shahin Moghaddam\u00a0<\/p><h2>P\u00f3ngase en contacto con nosotros<\/h2><p>Correo electr\u00f3nico: info@miragua.com<\/p><h2>N\u00famero de identificaci\u00f3n fiscal<\/h2><p>N\u00famero de identificaci\u00f3n fiscal seg\u00fan el \u00a7 27 a de la ley del impuesto sobre las ventas:\u00a0<\/p><h2>Resoluci\u00f3n de litigios en la UE<\/h2><p>La Comisi\u00f3n Europea ofrece una plataforma para la resoluci\u00f3n de litigios en l\u00ednea (OS): <a href=\"https:\/\/ec.europa.eu\/consumers\/odr\/\" target=\"_blank\" rel=\"noopener noreferrer\">https:<\/a>\/ <a href=\"https:\/\/ec.europa.eu\/consumers\/odr\/\" target=\"_blank\" rel=\"noopener noreferrer\">\/ec.europa.eu\/consumers\/odr\/<\/a>. Puedes encontrar nuestra direcci\u00f3n de correo electr\u00f3nico en el aviso legal anterior.<\/p><h2>Resoluci\u00f3n de litigios de consumo\/centro de arbitraje universal<\/h2><p>No estamos dispuestos ni obligados a participar en procedimientos de resoluci\u00f3n de litigios ante una junta de arbitraje de consumo.<\/p>\t\t\t\t\t\t\t\t<\/div>\n\t\t\t\t<\/div>\n\t\t\t\t\t<\/div>\n\t\t\t\t<\/div>\n\t\t\t\t<\/div>\n\t\t","protected":false},"excerpt":{"rendered":"<p>Pie de imprenta MIRAGUA UG Chlodwigstra\u00dfe 6 50858 K\u00f6ln Representado por: Sr. Shahin Moghaddam\u00a0 P\u00f3ngase en contacto con nosotros Correo electr\u00f3nico: info@miragua.com N\u00famero de identificaci\u00f3n fiscal N\u00famero de identificaci\u00f3n fiscal seg\u00fan el \u00a7 27 a de la ley del impuesto sobre las ventas:\u00a0 Resoluci\u00f3n de litigios en la UE La Comisi\u00f3n Europea ofrece una plataforma [&hellip;]<\/p>\n","protected":false},"author":2,"featured_media":0,"parent":0,"menu_order":0,"comment_status":"closed","ping_status":"closed","template":"","meta":{"footnotes":""},"class_list":["post-3742","page","type-page","status-publish","hentry"],"_links":{"self":[{"href":"https:\/\/miragua.com\/es\/wp-json\/wp\/v2\/pages\/3742","targetHints":{"allow":["GET"]}}],"collection":[{"href":"https:\/\/miragua.com\/es\/wp-json\/wp\/v2\/pages"}],"about":[{"href":"https:\/\/miragua.com\/es\/wp-json\/wp\/v2\/types\/page"}],"author":[{"embeddable":true,"href":"https:\/\/miragua.com\/es\/wp-json\/wp\/v2\/users\/2"}],"replies":[{"embeddable":true,"href":"https:\/\/miragua.com\/es\/wp-json\/wp\/v2\/comments?post=3742"}],"version-history":[{"count":4,"href":"https:\/\/miragua.com\/es\/wp-json\/wp\/v2\/pages\/3742\/revisions"}],"predecessor-version":[{"id":5640,"href":"https:\/\/miragua.com\/es\/wp-json\/wp\/v2\/pages\/3742\/revisions\/5640"}],"wp:attachment":[{"href":"https:\/\/miragua.com\/es\/wp-json\/wp\/v2\/media?parent=3742"}],"curies":[{"name":"wp","href":"https:\/\/api.w.org\/{rel}","templated":true}]}}